{"id":242606,"date":"2022-02-09T13:10:53","date_gmt":"2022-02-09T12:10:53","guid":{"rendered":"https:\/\/www.aforafocus.cat\/datos\/"},"modified":"2023-06-29T12:07:25","modified_gmt":"2023-06-29T11:07:25","slug":"datos","status":"publish","type":"page","link":"https:\/\/www.aforafocus.cat\/es\/datos\/","title":{"rendered":"Datos"},"content":{"rendered":"<div class=\"wpv-view-output folders-view\" data-toolset-views-view-editor=\"d87a8ca3a339c274eb94873203d108ce\"><div class=\"wp-block-toolset-views-view-editor\">\n<section class=\"wp-block-toolset-blocks-container tb-container\" data-toolset-blocks-container=\"cc456c05947ea54e22358226d8a43d7a\">\n<h3 class=\"tb-heading has-text-color\" data-toolset-blocks-heading=\"3a7bf6961060dbce1a7734dc01e48132\" data-last-update=\"1.4\">Buscador de datos<\/h3>\n\n\n<div class=\"tb-fields-and-text\" data-toolset-blocks-fields-and-text=\"360284519b991feb492b582c7d84725f\"><div class=\"filter-work-list\">\n  <p class=\"filter-work-list__label\">\u00c1mbito<\/p>\n  <ul>\n\t\n\t\n\t\n\t\t<li>\n\t\t\t<a href=\"javascript:void(0)\" data-type=\"branchs\" data-id=\"filter-131\" data-slug=\"afora-ediciones\" ng-click=\"itemSelect(131)\" ng-class=\"{active: items&#091;131&#093;.active}\" class=\"filter-btn\">\u00c1fora<\/a>\n\t\t<\/li>\n\t\n\t\t<li>\n\t\t\t<a href=\"javascript:void(0)\" data-type=\"branchs\" data-id=\"filter-31\" data-slug=\"ediciones\" ng-click=\"itemSelect(31)\" ng-class=\"{active: items&#091;31&#093;.active}\" class=\"filter-btn\">\u00c1fora Ediciones<\/a>\n\t\t<\/li>\n\t\n\t\t<li>\n\t\t\t<a href=\"javascript:void(0)\" data-type=\"branchs\" data-id=\"filter-143\" data-slug=\"clippings-anuales\" ng-click=\"itemSelect(143)\" ng-class=\"{active: items&#091;143&#093;.active}\" class=\"filter-btn\">Clippings anuales<\/a>\n\t\t<\/li>\n\t\n\t\t<li>\n\t\t\t<a href=\"javascript:void(0)\" data-type=\"branchs\" data-id=\"filter-33\" data-slug=\"espectadores\" ng-click=\"itemSelect(33)\" ng-class=\"{active: items&#091;33&#093;.active}\" class=\"filter-btn\">Espectadores<\/a>\n\t\t<\/li>\n\t\n\t\t<li>\n\t\t\t<a href=\"javascript:void(0)\" data-type=\"branchs\" data-id=\"filter-80\" data-slug=\"fundacio-romea-es\" ng-click=\"itemSelect(80)\" ng-class=\"{active: items&#091;80&#093;.active}\" class=\"filter-btn\">Fundaci\u00f3 Romea<\/a>\n\t\t<\/li>\n\t\n\t\t<li>\n\t\t\t<a href=\"javascript:void(0)\" data-type=\"branchs\" data-id=\"filter-35\" data-slug=\"la-5a-pared\" ng-click=\"itemSelect(35)\" ng-class=\"{active: items&#091;35&#093;.active}\" class=\"filter-btn\">La 5a Pared<\/a>\n\t\t<\/li>\n\t\n\t\t<li>\n\t\t\t<a href=\"javascript:void(0)\" data-type=\"branchs\" data-id=\"filter-140\" data-slug=\"mi-generacion\" ng-click=\"itemSelect(140)\" ng-class=\"{active: items&#091;140&#093;.active}\" class=\"filter-btn\">Mi generaci\u00f3n<\/a>\n\t\t<\/li>\n\t\n\t\t<li>\n\t\t\t<a href=\"javascript:void(0)\" data-type=\"branchs\" data-id=\"filter-79\" data-slug=\"platea-618-es\" ng-click=\"itemSelect(79)\" ng-class=\"{active: items&#091;79&#093;.active}\" class=\"filter-btn\">Platea 618<\/a>\n\t\t<\/li>\n\t\n\t\n\t\n\t\n<\/ul>\n<\/div><\/div>\n<\/section>\n\n\n<div id=\"wpv-view-layout-242552\" class=\"js-wpv-view-layout js-wpv-layout-responsive js-wpv-view-layout-242552\" data-viewnumber=\"242552\" data-pagination=\"{&quot;id&quot;:242552,&quot;query&quot;:&quot;normal&quot;,&quot;type&quot;:&quot;disabled&quot;,&quot;effect&quot;:&quot;fade&quot;,&quot;duration&quot;:500,&quot;speed&quot;:5,&quot;pause_on_hover&quot;:&quot;enabled&quot;,&quot;stop_rollover&quot;:&quot;false&quot;,&quot;cache_pages&quot;:&quot;enabled&quot;,&quot;preload_images&quot;:&quot;enabled&quot;,&quot;preload_pages&quot;:&quot;enabled&quot;,&quot;preload_reach&quot;:1,&quot;spinner&quot;:&quot;builtin&quot;,&quot;spinner_image&quot;:&quot;https:\/\/www.aforafocus.cat\/wp-content\/plugins\/toolset-blocks\/embedded\/res\/img\/ajax-loader.gif&quot;,&quot;callback_next&quot;:&quot;&quot;,&quot;manage_history&quot;:&quot;enabled&quot;,&quot;has_controls_in_form&quot;:&quot;disabled&quot;,&quot;infinite_tolerance&quot;:&quot;0&quot;,&quot;max_pages&quot;:0,&quot;page&quot;:1,&quot;base_permalink&quot;:&quot;\/es\/wp-json\/wp\/v2\/pages\/242606?wpv_view_count=242552&amp;wpv_paged=WPV_PAGE_NUM&quot;,&quot;loop&quot;:{&quot;type&quot;:&quot;&quot;,&quot;name&quot;:&quot;&quot;,&quot;data&quot;:[],&quot;id&quot;:0}}\" data-permalink=\"\/es\/wp-json\/wp\/v2\/pages\/242606?wpv_view_count=242552\">\n\n\n<div class=\"wp-block-toolset-blocks-grid tb-grid items-grid-heading-datas\" data-toolset-blocks-grid=\"511cf4be94d0182c442d4e348f4cb973\">\n<div class=\"wp-block-toolset-blocks-grid-column tb-grid-column tb-grid-align-top\" data-toolset-blocks-grid-column=\"3034fbe886c11054e95b46b09d3e4112\"><\/div>\n\n\n\n<div class=\"wp-block-toolset-blocks-grid-column tb-grid-column tb-grid-align-top\" data-toolset-blocks-grid-column=\"3034fbe886c11054e95b46b09d3e4112\">\n<h4 class=\"tb-heading has-text-color\" data-toolset-blocks-heading=\"5afb3d67666cdf928a57b2eacdd00935\" data-last-update=\"1.4\">Nombre<\/h4>\n<\/div>\n\n\n\n<div class=\"wp-block-toolset-blocks-grid-column tb-grid-column tb-grid-align-top\" data-toolset-blocks-grid-column=\"3034fbe886c11054e95b46b09d3e4112\">\n<h4 class=\"tb-heading has-text-color\" data-toolset-blocks-heading=\"5afb3d67666cdf928a57b2eacdd00935\" data-last-update=\"1.4\">Rama<\/h4>\n<\/div>\n<\/div>\n\n\n<div class=\"js-wpv-loop-wrapper\">\n\n<div class=\"wp-block-toolset-views-view-template-block wpv-block-loop-item php-to-be-replaced-with-shortcode\" data-toolset-views-view-template-block=\"607cba59237e7bb3efcd9ad8714b1914\"><div class=\"tb-fields-and-text\" data-toolset-blocks-fields-and-text=\"360284519b991feb492b582c7d84725f\"><a href=\"https:\/\/www.aforafocus.cat\/es\/dato\/ivan-redondo\/\" title=\"Iv\u00e1n Redondo\" class=\"items-grid-selector\" ng-show=\"itemShow(242583)\" data-id=\"242583\" data-branchs=\"la-5a-pared\">\n<div class=\"wp-block-toolset-blocks-grid tb-grid items-grid-datas\">\n<div class=\"wp-block-toolset-blocks-grid-column tb-grid-column tb-grid-align-top\">\n<div class=\"tb-field alignleft item-image\"><img loading=\"lazy\" decoding=\"async\" width=\"150\" height=\"150\" src=\"https:\/\/www.aforafocus.cat\/wp-content\/uploads\/2022\/01\/620affe8-014f-286b-dfe9-5703f5b9c312-150x150.png\" class=\"attachment-thumbnail size-thumbnail wp-post-image\" alt=\"\" \/><\/div>\n<\/div>\n<div class=\"wp-block-toolset-blocks-grid-column tb-grid-column tb-grid-align-top\">\n<div class=\"tb-field alignleft item-title\">Iv\u00e1n Redondo<\/div>\n<\/div>\n<div class=\"wp-block-toolset-blocks-grid-column tb-grid-column tb-grid-align-top\">\n<div class=\"tb-field ellipsis alignleft item-branch\">\n\t\n\t\n\t\n\t\tLa 5a Pared\n\t\n\t\n\t\n\t\n\n<\/div>\n<\/div>\n<\/div>\n<p><\/p><\/a><\/div>\n<\/div>\n\n<\/div>\n<\/div><\/div>\n\n<\/div>","protected":false},"excerpt":{"rendered":"","protected":false},"author":1,"featured_media":0,"parent":0,"menu_order":0,"comment_status":"closed","ping_status":"closed","template":"","meta":{"_et_pb_use_builder":"off","_et_pb_old_content":"","_et_gb_content_width":"","_editorskit_title_hidden":false,"_editorskit_reading_time":0,"_editorskit_is_block_options_detached":false,"_editorskit_block_options_position":"{}","footnotes":""},"class_list":["post-242606","page","type-page","status-publish","hentry"],"yoast_head":"<!-- This site is optimized with the Yoast SEO plugin v27.5 - https:\/\/yoast.com\/product\/yoast-seo-wordpress\/ -->\n<title>Datos - \u00c0fora Focus<\/title>\n<meta name=\"robots\" content=\"index, follow, max-snippet:-1, max-image-preview:large, max-video-preview:-1\" \/>\n<link rel=\"canonical\" href=\"https:\/\/www.aforafocus.cat\/es\/datos\/\" \/>\n<meta property=\"og:locale\" content=\"es_ES\" \/>\n<meta property=\"og:type\" content=\"article\" \/>\n<meta property=\"og:title\" content=\"Datos - \u00c0fora Focus\" \/>\n<meta property=\"og:url\" content=\"https:\/\/www.aforafocus.cat\/es\/datos\/\" \/>\n<meta property=\"og:site_name\" content=\"\u00c0fora Focus\" \/>\n<meta property=\"article:modified_time\" content=\"2023-06-29T11:07:25+00:00\" \/>\n<meta name=\"twitter:card\" content=\"summary_large_image\" \/>\n<meta name=\"twitter:site\" content=\"@aforafocus\" \/>\n<script type=\"application\/ld+json\" class=\"yoast-schema-graph\">{\"@context\":\"https:\\\/\\\/schema.org\",\"@graph\":[{\"@type\":\"WebPage\",\"@id\":\"https:\\\/\\\/www.aforafocus.cat\\\/es\\\/datos\\\/\",\"url\":\"https:\\\/\\\/www.aforafocus.cat\\\/es\\\/datos\\\/\",\"name\":\"Datos - \u00c0fora Focus\",\"isPartOf\":{\"@id\":\"https:\\\/\\\/www.aforafocus.cat\\\/es\\\/#website\"},\"datePublished\":\"2022-02-09T12:10:53+00:00\",\"dateModified\":\"2023-06-29T11:07:25+00:00\",\"breadcrumb\":{\"@id\":\"https:\\\/\\\/www.aforafocus.cat\\\/es\\\/datos\\\/#breadcrumb\"},\"inLanguage\":\"es\",\"potentialAction\":[{\"@type\":\"ReadAction\",\"target\":[\"https:\\\/\\\/www.aforafocus.cat\\\/es\\\/datos\\\/\"]}]},{\"@type\":\"BreadcrumbList\",\"@id\":\"https:\\\/\\\/www.aforafocus.cat\\\/es\\\/datos\\\/#breadcrumb\",\"itemListElement\":[{\"@type\":\"ListItem\",\"position\":1,\"name\":\"Inici\",\"item\":\"https:\\\/\\\/www.aforafocus.cat\\\/es\\\/\"},{\"@type\":\"ListItem\",\"position\":2,\"name\":\"Datos\"}]},{\"@type\":\"WebSite\",\"@id\":\"https:\\\/\\\/www.aforafocus.cat\\\/es\\\/#website\",\"url\":\"https:\\\/\\\/www.aforafocus.cat\\\/es\\\/\",\"name\":\"\u00c0fora Focus\",\"description\":\"\u00c0fora \u00e9s l\u2019\u00e0gora del Grup Focus, un \u00e0mbit de reflexi\u00f3 i d\u2019activitats que t\u00e9 l\u2019\u00e0nim d\u2019incidir en la vida art\u00edstica, cultural i social.\",\"publisher\":{\"@id\":\"https:\\\/\\\/www.aforafocus.cat\\\/es\\\/#organization\"},\"potentialAction\":[{\"@type\":\"SearchAction\",\"target\":{\"@type\":\"EntryPoint\",\"urlTemplate\":\"https:\\\/\\\/www.aforafocus.cat\\\/es\\\/?s={search_term_string}\"},\"query-input\":{\"@type\":\"PropertyValueSpecification\",\"valueRequired\":true,\"valueName\":\"search_term_string\"}}],\"inLanguage\":\"es\"},{\"@type\":\"Organization\",\"@id\":\"https:\\\/\\\/www.aforafocus.cat\\\/es\\\/#organization\",\"name\":\"\u00c0fora Focus\",\"url\":\"https:\\\/\\\/www.aforafocus.cat\\\/es\\\/\",\"logo\":{\"@type\":\"ImageObject\",\"inLanguage\":\"es\",\"@id\":\"https:\\\/\\\/www.aforafocus.cat\\\/es\\\/#\\\/schema\\\/logo\\\/image\\\/\",\"url\":\"https:\\\/\\\/www.aforafocus.cat\\\/wp-content\\\/uploads\\\/2021\\\/12\\\/logo-afora-focus.png\",\"contentUrl\":\"https:\\\/\\\/www.aforafocus.cat\\\/wp-content\\\/uploads\\\/2021\\\/12\\\/logo-afora-focus.png\",\"width\":662,\"height\":662,\"caption\":\"\u00c0fora Focus\"},\"image\":{\"@id\":\"https:\\\/\\\/www.aforafocus.cat\\\/es\\\/#\\\/schema\\\/logo\\\/image\\\/\"},\"sameAs\":[\"https:\\\/\\\/x.com\\\/aforafocus\",\"https:\\\/\\\/www.instagram.com\\\/aforafocus\\\/\"]}]}<\/script>\n<!-- \/ Yoast SEO plugin. -->","yoast_head_json":{"title":"Datos - \u00c0fora Focus","robots":{"index":"index","follow":"follow","max-snippet":"max-snippet:-1","max-image-preview":"max-image-preview:large","max-video-preview":"max-video-preview:-1"},"canonical":"https:\/\/www.aforafocus.cat\/es\/datos\/","og_locale":"es_ES","og_type":"article","og_title":"Datos - \u00c0fora Focus","og_url":"https:\/\/www.aforafocus.cat\/es\/datos\/","og_site_name":"\u00c0fora Focus","article_modified_time":"2023-06-29T11:07:25+00:00","twitter_card":"summary_large_image","twitter_site":"@aforafocus","schema":{"@context":"https:\/\/schema.org","@graph":[{"@type":"WebPage","@id":"https:\/\/www.aforafocus.cat\/es\/datos\/","url":"https:\/\/www.aforafocus.cat\/es\/datos\/","name":"Datos - \u00c0fora Focus","isPartOf":{"@id":"https:\/\/www.aforafocus.cat\/es\/#website"},"datePublished":"2022-02-09T12:10:53+00:00","dateModified":"2023-06-29T11:07:25+00:00","breadcrumb":{"@id":"https:\/\/www.aforafocus.cat\/es\/datos\/#breadcrumb"},"inLanguage":"es","potentialAction":[{"@type":"ReadAction","target":["https:\/\/www.aforafocus.cat\/es\/datos\/"]}]},{"@type":"BreadcrumbList","@id":"https:\/\/www.aforafocus.cat\/es\/datos\/#breadcrumb","itemListElement":[{"@type":"ListItem","position":1,"name":"Inici","item":"https:\/\/www.aforafocus.cat\/es\/"},{"@type":"ListItem","position":2,"name":"Datos"}]},{"@type":"WebSite","@id":"https:\/\/www.aforafocus.cat\/es\/#website","url":"https:\/\/www.aforafocus.cat\/es\/","name":"\u00c0fora Focus","description":"\u00c0fora \u00e9s l\u2019\u00e0gora del Grup Focus, un \u00e0mbit de reflexi\u00f3 i d\u2019activitats que t\u00e9 l\u2019\u00e0nim d\u2019incidir en la vida art\u00edstica, cultural i social.","publisher":{"@id":"https:\/\/www.aforafocus.cat\/es\/#organization"},"potentialAction":[{"@type":"SearchAction","target":{"@type":"EntryPoint","urlTemplate":"https:\/\/www.aforafocus.cat\/es\/?s={search_term_string}"},"query-input":{"@type":"PropertyValueSpecification","valueRequired":true,"valueName":"search_term_string"}}],"inLanguage":"es"},{"@type":"Organization","@id":"https:\/\/www.aforafocus.cat\/es\/#organization","name":"\u00c0fora Focus","url":"https:\/\/www.aforafocus.cat\/es\/","logo":{"@type":"ImageObject","inLanguage":"es","@id":"https:\/\/www.aforafocus.cat\/es\/#\/schema\/logo\/image\/","url":"https:\/\/www.aforafocus.cat\/wp-content\/uploads\/2021\/12\/logo-afora-focus.png","contentUrl":"https:\/\/www.aforafocus.cat\/wp-content\/uploads\/2021\/12\/logo-afora-focus.png","width":662,"height":662,"caption":"\u00c0fora Focus"},"image":{"@id":"https:\/\/www.aforafocus.cat\/es\/#\/schema\/logo\/image\/"},"sameAs":["https:\/\/x.com\/aforafocus","https:\/\/www.instagram.com\/aforafocus\/"]}]}},"_links":{"self":[{"href":"https:\/\/www.aforafocus.cat\/es\/wp-json\/wp\/v2\/pages\/242606","targetHints":{"allow":["GET"]}}],"collection":[{"href":"https:\/\/www.aforafocus.cat\/es\/wp-json\/wp\/v2\/pages"}],"about":[{"href":"https:\/\/www.aforafocus.cat\/es\/wp-json\/wp\/v2\/types\/page"}],"author":[{"embeddable":true,"href":"https:\/\/www.aforafocus.cat\/es\/wp-json\/wp\/v2\/users\/1"}],"replies":[{"embeddable":true,"href":"https:\/\/www.aforafocus.cat\/es\/wp-json\/wp\/v2\/comments?post=242606"}],"version-history":[{"count":0,"href":"https:\/\/www.aforafocus.cat\/es\/wp-json\/wp\/v2\/pages\/242606\/revisions"}],"wp:attachment":[{"href":"https:\/\/www.aforafocus.cat\/es\/wp-json\/wp\/v2\/media?parent=242606"}],"curies":[{"name":"wp","href":"https:\/\/api.w.org\/{rel}","templated":true}]}}