{"id":243570,"date":"2021-12-23T16:39:01","date_gmt":"2021-12-23T15:39:01","guid":{"rendered":"https:\/\/www.aforafocus.cat\/under-contruction\/"},"modified":"2022-02-15T12:18:33","modified_gmt":"2022-02-15T11:18:33","slug":"under-construction","status":"publish","type":"page","link":"https:\/\/www.aforafocus.cat\/es\/under-construction\/","title":{"rendered":"Under Contruction"},"content":{"rendered":"\n<!-- divi:divi\/placeholder {\"translatedWithWPMLTM\":\"1\",\"wpmlTranslatedContent\":\"1\"} -->\n\n[et_pb_section fb_built=\u00bb1&#8243; module_class=\u00bbunder-construction\u00bb _builder_version=\u00bb4.14.4&#8243; _module_preset=\u00bbdefault\u00bb background_image=\u00bbhttps:\/\/www.aforafocus.cat\/wp-content\/uploads\/2021\/12\/Forma_CIET_Landing_Desktop_TEXT.svg\u00bb background_enable_image=\u00bbon\u00bb module_alignment=\u00bbcenter\u00bb height=\u00bb100vh\u00bb overflow-x=\u00bbhidden\u00bb overflow-y=\u00bbhidden\u00bb hover_transition_duration=\u00bb0ms\u00bb sticky_position=\u00bbtop\u00bb background_image_phone=\u00bbhttps:\/\/www.aforafocus.cat\/wp-content\/uploads\/2021\/12\/Forma_CIET_Landing_Mobile_TEXT.svg\u00bb background_enable_image_phone=\u00bbon\u00bb global_colors_info=\u00bb{}\u00bb][et_pb_row _builder_version=\u00bb4.14.4&#8243; _module_preset=\u00bbdefault\u00bb custom_css_main_element=\u00bbvisibility: hidden;||opacity: 0;\u00bb global_colors_info=\u00bb{}\u00bb][et_pb_column type=\u00bb4_4&#8243; _builder_version=\u00bb4.14.4&#8243; _module_preset=\u00bbdefault\u00bb global_colors_info=\u00bb{}\u00bb][et_pb_text _builder_version=\u00bb4.14.4&#8243; _module_preset=\u00bbdefault\u00bb global_colors_info=\u00bb{}\u00bb]<p>I Congr\u00e9s internacional d\u2019Espectadors de Teatre Barcelona, 25 a 28 de maig de 2022 Site en contrucci\u00f3<\/p>\r\n<p>I Congreso Internacional de Espectadores de Teatro Barcelona, 25 a 28 de mayo de 2022 Site en construcci\u00f3n<\/p>\r\n<p>I Internacional Congress of Theatre Spectators Barcelona, 25-28th May 2022 Site under construction<\/p>[\/et_pb_text][\/et_pb_column][\/et_pb_row][\/et_pb_section]\n\n\n","protected":false},"excerpt":{"rendered":"<p>I Congr\u00e9s internacional d\u2019Espectadors de Teatre Barcelona, 25 a 28 de maig de 2022 Site en contrucci\u00f3 I Congreso Internacional de Espectadores de Teatro Barcelona, 25 a 28 de mayo de 2022 Site en construcci\u00f3n I Internacional Congress of Theatre Spectators Barcelona, 25-28th May 2022 Site under construction<\/p>\n","protected":false},"author":1,"featured_media":0,"parent":0,"menu_order":0,"comment_status":"closed","ping_status":"closed","template":"","meta":{"_et_pb_use_builder":"on","_et_pb_old_content":"","_et_gb_content_width":"","_editorskit_title_hidden":false,"_editorskit_reading_time":0,"_editorskit_is_block_options_detached":false,"_editorskit_block_options_position":"{}","footnotes":""},"class_list":["post-243570","page","type-page","status-publish","hentry"],"yoast_head":"<!-- This site is optimized with the Yoast SEO plugin v27.4 - https:\/\/yoast.com\/product\/yoast-seo-wordpress\/ -->\n<title>Under Contruction - \u00c0fora Focus<\/title>\n<meta name=\"robots\" content=\"index, follow, max-snippet:-1, max-image-preview:large, max-video-preview:-1\" \/>\n<link rel=\"canonical\" href=\"https:\/\/www.aforafocus.cat\/es\/under-construction\/\" \/>\n<meta property=\"og:locale\" content=\"es_ES\" \/>\n<meta property=\"og:type\" content=\"article\" \/>\n<meta property=\"og:title\" content=\"Under Contruction - \u00c0fora Focus\" \/>\n<meta property=\"og:description\" content=\"I Congr\u00e9s internacional d\u2019Espectadors de Teatre Barcelona, 25 a 28 de maig de 2022 Site en contrucci\u00f3 I Congreso Internacional de Espectadores de Teatro Barcelona, 25 a 28 de mayo de 2022 Site en construcci\u00f3n I Internacional Congress of Theatre Spectators Barcelona, 25-28th May 2022 Site under construction\" \/>\n<meta property=\"og:url\" content=\"https:\/\/www.aforafocus.cat\/es\/under-construction\/\" \/>\n<meta property=\"og:site_name\" content=\"\u00c0fora Focus\" \/>\n<meta property=\"article:modified_time\" content=\"2022-02-15T11:18:33+00:00\" \/>\n<meta name=\"twitter:card\" content=\"summary_large_image\" \/>\n<meta name=\"twitter:site\" content=\"@aforafocus\" \/>\n<script type=\"application\/ld+json\" class=\"yoast-schema-graph\">{\"@context\":\"https:\\\/\\\/schema.org\",\"@graph\":[{\"@type\":\"WebPage\",\"@id\":\"https:\\\/\\\/www.aforafocus.cat\\\/es\\\/under-construction\\\/\",\"url\":\"https:\\\/\\\/www.aforafocus.cat\\\/es\\\/under-construction\\\/\",\"name\":\"Under Contruction - \u00c0fora Focus\",\"isPartOf\":{\"@id\":\"https:\\\/\\\/www.aforafocus.cat\\\/es\\\/#website\"},\"datePublished\":\"2021-12-23T15:39:01+00:00\",\"dateModified\":\"2022-02-15T11:18:33+00:00\",\"breadcrumb\":{\"@id\":\"https:\\\/\\\/www.aforafocus.cat\\\/es\\\/under-construction\\\/#breadcrumb\"},\"inLanguage\":\"es\",\"potentialAction\":[{\"@type\":\"ReadAction\",\"target\":[\"https:\\\/\\\/www.aforafocus.cat\\\/es\\\/under-construction\\\/\"]}]},{\"@type\":\"BreadcrumbList\",\"@id\":\"https:\\\/\\\/www.aforafocus.cat\\\/es\\\/under-construction\\\/#breadcrumb\",\"itemListElement\":[{\"@type\":\"ListItem\",\"position\":1,\"name\":\"Inici\",\"item\":\"https:\\\/\\\/www.aforafocus.cat\\\/es\\\/\"},{\"@type\":\"ListItem\",\"position\":2,\"name\":\"Under Contruction\"}]},{\"@type\":\"WebSite\",\"@id\":\"https:\\\/\\\/www.aforafocus.cat\\\/es\\\/#website\",\"url\":\"https:\\\/\\\/www.aforafocus.cat\\\/es\\\/\",\"name\":\"\u00c0fora Focus\",\"description\":\"\u00c0fora \u00e9s l\u2019\u00e0gora del Grup Focus, un \u00e0mbit de reflexi\u00f3 i d\u2019activitats que t\u00e9 l\u2019\u00e0nim d\u2019incidir en la vida art\u00edstica, cultural i social.\",\"publisher\":{\"@id\":\"https:\\\/\\\/www.aforafocus.cat\\\/es\\\/#organization\"},\"potentialAction\":[{\"@type\":\"SearchAction\",\"target\":{\"@type\":\"EntryPoint\",\"urlTemplate\":\"https:\\\/\\\/www.aforafocus.cat\\\/es\\\/?s={search_term_string}\"},\"query-input\":{\"@type\":\"PropertyValueSpecification\",\"valueRequired\":true,\"valueName\":\"search_term_string\"}}],\"inLanguage\":\"es\"},{\"@type\":\"Organization\",\"@id\":\"https:\\\/\\\/www.aforafocus.cat\\\/es\\\/#organization\",\"name\":\"\u00c0fora Focus\",\"url\":\"https:\\\/\\\/www.aforafocus.cat\\\/es\\\/\",\"logo\":{\"@type\":\"ImageObject\",\"inLanguage\":\"es\",\"@id\":\"https:\\\/\\\/www.aforafocus.cat\\\/es\\\/#\\\/schema\\\/logo\\\/image\\\/\",\"url\":\"https:\\\/\\\/www.aforafocus.cat\\\/wp-content\\\/uploads\\\/2021\\\/12\\\/logo-afora-focus.png\",\"contentUrl\":\"https:\\\/\\\/www.aforafocus.cat\\\/wp-content\\\/uploads\\\/2021\\\/12\\\/logo-afora-focus.png\",\"width\":662,\"height\":662,\"caption\":\"\u00c0fora Focus\"},\"image\":{\"@id\":\"https:\\\/\\\/www.aforafocus.cat\\\/es\\\/#\\\/schema\\\/logo\\\/image\\\/\"},\"sameAs\":[\"https:\\\/\\\/x.com\\\/aforafocus\",\"https:\\\/\\\/www.instagram.com\\\/aforafocus\\\/\"]}]}<\/script>\n<!-- \/ Yoast SEO plugin. -->","yoast_head_json":{"title":"Under Contruction - \u00c0fora Focus","robots":{"index":"index","follow":"follow","max-snippet":"max-snippet:-1","max-image-preview":"max-image-preview:large","max-video-preview":"max-video-preview:-1"},"canonical":"https:\/\/www.aforafocus.cat\/es\/under-construction\/","og_locale":"es_ES","og_type":"article","og_title":"Under Contruction - \u00c0fora Focus","og_description":"I Congr\u00e9s internacional d\u2019Espectadors de Teatre Barcelona, 25 a 28 de maig de 2022 Site en contrucci\u00f3 I Congreso Internacional de Espectadores de Teatro Barcelona, 25 a 28 de mayo de 2022 Site en construcci\u00f3n I Internacional Congress of Theatre Spectators Barcelona, 25-28th May 2022 Site under construction","og_url":"https:\/\/www.aforafocus.cat\/es\/under-construction\/","og_site_name":"\u00c0fora Focus","article_modified_time":"2022-02-15T11:18:33+00:00","twitter_card":"summary_large_image","twitter_site":"@aforafocus","schema":{"@context":"https:\/\/schema.org","@graph":[{"@type":"WebPage","@id":"https:\/\/www.aforafocus.cat\/es\/under-construction\/","url":"https:\/\/www.aforafocus.cat\/es\/under-construction\/","name":"Under Contruction - \u00c0fora Focus","isPartOf":{"@id":"https:\/\/www.aforafocus.cat\/es\/#website"},"datePublished":"2021-12-23T15:39:01+00:00","dateModified":"2022-02-15T11:18:33+00:00","breadcrumb":{"@id":"https:\/\/www.aforafocus.cat\/es\/under-construction\/#breadcrumb"},"inLanguage":"es","potentialAction":[{"@type":"ReadAction","target":["https:\/\/www.aforafocus.cat\/es\/under-construction\/"]}]},{"@type":"BreadcrumbList","@id":"https:\/\/www.aforafocus.cat\/es\/under-construction\/#breadcrumb","itemListElement":[{"@type":"ListItem","position":1,"name":"Inici","item":"https:\/\/www.aforafocus.cat\/es\/"},{"@type":"ListItem","position":2,"name":"Under Contruction"}]},{"@type":"WebSite","@id":"https:\/\/www.aforafocus.cat\/es\/#website","url":"https:\/\/www.aforafocus.cat\/es\/","name":"\u00c0fora Focus","description":"\u00c0fora \u00e9s l\u2019\u00e0gora del Grup Focus, un \u00e0mbit de reflexi\u00f3 i d\u2019activitats que t\u00e9 l\u2019\u00e0nim d\u2019incidir en la vida art\u00edstica, cultural i social.","publisher":{"@id":"https:\/\/www.aforafocus.cat\/es\/#organization"},"potentialAction":[{"@type":"SearchAction","target":{"@type":"EntryPoint","urlTemplate":"https:\/\/www.aforafocus.cat\/es\/?s={search_term_string}"},"query-input":{"@type":"PropertyValueSpecification","valueRequired":true,"valueName":"search_term_string"}}],"inLanguage":"es"},{"@type":"Organization","@id":"https:\/\/www.aforafocus.cat\/es\/#organization","name":"\u00c0fora Focus","url":"https:\/\/www.aforafocus.cat\/es\/","logo":{"@type":"ImageObject","inLanguage":"es","@id":"https:\/\/www.aforafocus.cat\/es\/#\/schema\/logo\/image\/","url":"https:\/\/www.aforafocus.cat\/wp-content\/uploads\/2021\/12\/logo-afora-focus.png","contentUrl":"https:\/\/www.aforafocus.cat\/wp-content\/uploads\/2021\/12\/logo-afora-focus.png","width":662,"height":662,"caption":"\u00c0fora Focus"},"image":{"@id":"https:\/\/www.aforafocus.cat\/es\/#\/schema\/logo\/image\/"},"sameAs":["https:\/\/x.com\/aforafocus","https:\/\/www.instagram.com\/aforafocus\/"]}]}},"_links":{"self":[{"href":"https:\/\/www.aforafocus.cat\/es\/wp-json\/wp\/v2\/pages\/243570","targetHints":{"allow":["GET"]}}],"collection":[{"href":"https:\/\/www.aforafocus.cat\/es\/wp-json\/wp\/v2\/pages"}],"about":[{"href":"https:\/\/www.aforafocus.cat\/es\/wp-json\/wp\/v2\/types\/page"}],"author":[{"embeddable":true,"href":"https:\/\/www.aforafocus.cat\/es\/wp-json\/wp\/v2\/users\/1"}],"replies":[{"embeddable":true,"href":"https:\/\/www.aforafocus.cat\/es\/wp-json\/wp\/v2\/comments?post=243570"}],"version-history":[{"count":0,"href":"https:\/\/www.aforafocus.cat\/es\/wp-json\/wp\/v2\/pages\/243570\/revisions"}],"wp:attachment":[{"href":"https:\/\/www.aforafocus.cat\/es\/wp-json\/wp\/v2\/media?parent=243570"}],"curies":[{"name":"wp","href":"https:\/\/api.w.org\/{rel}","templated":true}]}}