{"id":247062,"date":"2022-06-11T22:45:27","date_gmt":"2022-06-11T21:45:27","guid":{"rendered":"https:\/\/www.aforafocus.cat\/participantes\/"},"modified":"2022-06-14T15:47:27","modified_gmt":"2022-06-14T14:47:27","slug":"participantes","status":"publish","type":"page","link":"https:\/\/www.aforafocus.cat\/es\/participantes\/","title":{"rendered":"Participantes"},"content":{"rendered":"<div class=\"wpv-view-output\" data-toolset-views-view-editor=\"b8507ea6c4b87e3fb25844b2d91a3cf0\"><div class=\"wpv-view-wrapper\"><div class=\"wpv-custom-search-loading-overlay js-wpv-custom-search-loading-overlay\" style=\"display:none;background:rgba( 0, 0, 0, 0 );\">\n\t\t\t\t\t<div class=\"spinner\">\n\t\t\t\t\t\t<div class=\"icon\" style=\"background:url(https:\/\/www.aforafocus.cat\/wp-content\/plugins\/toolset-blocks\/embedded\/res\/img\/ajax-loader2.svg)\"><\/div>\n\t\t\t\t\t<\/div>\n\t\t\t\t<\/div><div class=\"wp-block-toolset-views-view-editor\">\n<div class=\"wp-block-toolset-views-custom-search-container\"><form autocomplete=\"off\" name=\"wpv-filter-246852\" action=\"\/es\/wp-json\/wp\/v2\/pages\/247062?wpv_view_count=246852\" method=\"get\" class=\"wpv-filter-form js-wpv-filter-form js-wpv-filter-form-246852 js-wpv-form-full js-wpv-dps-enabled js-wpv-ajax-results-submit-enabled\" data-viewnumber=\"246852\" data-viewid=\"246852\" data-viewhash=\"eyJuYW1lIjoicGFydGljaXBhbnRzIn0=\" data-viewwidgetid=\"0\" data-orderby=\"\" data-order=\"\" data-orderbyas=\"\" data-orderbysecond=\"\" data-ordersecond=\"\" data-parametric=\"{&quot;query&quot;:&quot;normal&quot;,&quot;id&quot;:246852,&quot;view_id&quot;:246852,&quot;widget_id&quot;:0,&quot;view_hash&quot;:&quot;246852&quot;,&quot;action&quot;:&quot;\\\/es\\\/wp-json\\\/wp\\\/v2\\\/pages\\\/247062?wpv_view_count=246852&quot;,&quot;sort&quot;:{&quot;orderby&quot;:&quot;&quot;,&quot;order&quot;:&quot;&quot;,&quot;orderby_as&quot;:&quot;&quot;,&quot;orderby_second&quot;:&quot;&quot;,&quot;order_second&quot;:&quot;&quot;},&quot;orderby&quot;:&quot;&quot;,&quot;order&quot;:&quot;&quot;,&quot;orderby_as&quot;:&quot;&quot;,&quot;orderby_second&quot;:&quot;&quot;,&quot;order_second&quot;:&quot;&quot;,&quot;ajax_form&quot;:&quot;&quot;,&quot;ajax_results&quot;:&quot;&quot;,&quot;effect&quot;:&quot;fade&quot;,&quot;prebefore&quot;:&quot;&quot;,&quot;before&quot;:&quot;&quot;,&quot;after&quot;:&quot;&quot;,&quot;attributes&quot;:[],&quot;environment&quot;:{&quot;current_post_id&quot;:247062,&quot;parent_post_id&quot;:247062,&quot;parent_term_id&quot;:0,&quot;parent_user_id&quot;:0,&quot;archive&quot;:{&quot;type&quot;:&quot;&quot;,&quot;name&quot;:&quot;&quot;,&quot;data&quot;:[]}},&quot;loop&quot;:{&quot;type&quot;:&quot;&quot;,&quot;name&quot;:&quot;&quot;,&quot;data&quot;:[],&quot;id&quot;:0}}\" data-attributes=\"[]\" data-environment=\"{&quot;current_post_id&quot;:247062,&quot;parent_post_id&quot;:247062,&quot;parent_term_id&quot;:0,&quot;parent_user_id&quot;:0,&quot;archive&quot;:{&quot;type&quot;:&quot;&quot;,&quot;name&quot;:&quot;&quot;,&quot;data&quot;:[]}}\"><input type=\"hidden\" class=\"js-wpv-dps-filter-data js-wpv-filter-data-for-this-form\" data-action=\"\/es\/wp-json\/wp\/v2\/pages\/247062?wpv_view_count=246852\" data-page=\"1\" data-ajax=\"disable\" data-effect=\"fade\" data-maxpages=\"10\" data-ajaxprebefore=\"\" data-ajaxbefore=\"\" data-ajaxafter=\"\" \/><input class=\"wpv_view_count wpv_view_count-246852\" type=\"hidden\" name=\"wpv_view_count\" value=\"246852\" \/> <div>\n<div class=\"wp-block-toolset-blocks-container tb-container\" data-toolset-blocks-container=\"06a46bf6c72f5dde6f891664d40ef09c\">\n<div class=\"wp-block-columns is-not-stacked-on-mobile sm-flex-none is-layout-flex wp-container-core-columns-is-layout-9d6595d7 wp-block-columns-is-layout-flex\">\n<div class=\"wp-block-column flex-2 is-layout-flow wp-block-column-is-layout-flow\">\n<div class=\"wp-block-toolset-views-custom-search-filter wpv-custom-search-filter wpv-custom-search-filter-label-top filter-select\" data-toolset-views-custom-search-filter=\"74a2fa26ff8a1c7013a96bab65f0c0cb\"><div><div class=\"form-group\"><span class=\"wpv-custom-search-filter__input\"><select name=\"wpv-pais\" class=\"js-wpv-filter-trigger form-control\"><option selected='selected' value=\"0\">Todos los pa\u00edses<\/option><option value=\"argentina-es\">Argentina<\/option><option value=\"bolivia-es\">Bolivia<\/option><option value=\"brasil-es\">Brasil<\/option><option value=\"cabo-verde-es\">Cabo Verde<\/option><option value=\"chile-es\">Chile<\/option><option value=\"costa-rica-es\">Costa Rica<\/option><option value=\"eslovenia-es\">Eslovenia<\/option><option value=\"espana\">Espa\u00f1a<\/option><option value=\"estados-unidos\">Estados Unidos<\/option><option value=\"italia-es\">Italia<\/option><option value=\"mexico-es\">M\u00e9xico<\/option><option value=\"noruega-es\">Noruega<\/option><option value=\"peru-es\">Per\u00fa<\/option><option value=\"portugal-es\">Portugal<\/option><option value=\"serbia-es\">Serbia<\/option><option value=\"uganda-es\">Uganda<\/option><option value=\"uk-es\">UK<\/option><option value=\"uruguay-es\">Uruguay<\/option><\/select><\/span><\/div><\/div><\/div>\n<\/div>\n\n\n\n<div class=\"wp-block-column is-layout-flow wp-block-column-is-layout-flow\">\n<div class=\"wp-block-toolset-views-custom-search-filter wpv-custom-search-filter wpv-custom-search-filter-label-top filter-select\" data-toolset-views-custom-search-filter=\"371c0db4b190a9d9d699f242c7c79a05\"><div><div class=\"form-group\"><span class=\"wpv-custom-search-filter__input\"><select name=\"wpv-linia\" class=\"js-wpv-filter-trigger form-control\"><option selected='selected' value=\"0\">Todas las tem\u00e1ticas<\/option><option value=\"diversidad\">Diversidad<\/option><option value=\"participacion\">Participaci\u00f3n<\/option><option value=\"transversalidad\">Transversalidad<\/option><\/select><\/span><\/div><\/div><\/div>\n<\/div>\n\n\n\n<div class=\"wp-block-column flex-4 is-layout-flow wp-block-column-is-layout-flow\">\n<div class=\"wp-block-toolset-views-custom-search-filter wpv-custom-search-filter wpv-custom-search-filter-label-top filter-input\" data-toolset-views-custom-search-filter=\"039db56503531f439157a047f96bba8f\"><div><div class=\"form-group\"><span class=\"wpv-custom-search-filter__input\"><input type=\"text\" name=\"wpv_post_search\"  class=\"js-wpv-filter-trigger-delayed form-control\" placeholder=\"Buscar por nombre\" \/><\/span><\/div><\/div><\/div>\n<\/div>\n\n\n\n<div class=\"wp-block-column is-vertically-aligned-center flex-1 column-submit is-layout-flow wp-block-column-is-layout-flow\">\n<div class=\"wpv-custom-search-filter-submit filter-submit\" data-toolset-views-custom-search-submit=\"e51383b597e6b781eedc7777b715292b\"><input type=\"submit\" class=\"wpv-submit-trigger js-wpv-submit-trigger\" name=\"wpv_filter_submit\" value=\"Search\" \/><\/div>\n<\/div>\n\n\n\n<div class=\"wp-block-column is-vertically-aligned-center flex-1 column-clean is-layout-flow wp-block-column-is-layout-flow\">\n<div class=\"wpv-custom-search-filter-reset filter-clean\" data-toolset-views-custom-search-reset=\"e11cddcb8a4584ea6fe638f4c3272371\"><input type=\"button\" class=\"wpv-reset-trigger js-wpv-reset-trigger\" name=\"wpv_filter_reset\" value=\"Clean\" \/><\/div>\n<\/div>\n<\/div>\n<\/div>\n<\/div> <\/form><\/div>\n\n\n<div id=\"wpv-view-layout-246852\" class=\"js-wpv-view-layout js-wpv-layout-responsive js-wpv-view-layout-246852 wpv-pagination js-wpv-layout-has-pagination\" data-viewnumber=\"246852\" data-pagination=\"{&quot;id&quot;:246852,&quot;query&quot;:&quot;normal&quot;,&quot;type&quot;:&quot;ajaxed&quot;,&quot;effect&quot;:&quot;slideh&quot;,&quot;duration&quot;:500,&quot;speed&quot;:5,&quot;pause_on_hover&quot;:&quot;disabled&quot;,&quot;stop_rollover&quot;:&quot;false&quot;,&quot;cache_pages&quot;:&quot;disabled&quot;,&quot;preload_images&quot;:&quot;disabled&quot;,&quot;preload_pages&quot;:&quot;disabled&quot;,&quot;preload_reach&quot;:1,&quot;spinner&quot;:&quot;builtin&quot;,&quot;spinner_image&quot;:&quot;https:\/\/www.aforafocus.cat\/wp-content\/plugins\/toolset-blocks\/embedded\/res\/img\/ajax-loader2.svg&quot;,&quot;callback_next&quot;:&quot;&quot;,&quot;manage_history&quot;:&quot;enabled&quot;,&quot;has_controls_in_form&quot;:&quot;disabled&quot;,&quot;infinite_tolerance&quot;:&quot;0&quot;,&quot;max_pages&quot;:10,&quot;page&quot;:1,&quot;base_permalink&quot;:&quot;\/es\/wp-json\/wp\/v2\/pages\/247062?wpv_view_count=246852&amp;wpv_paged=WPV_PAGE_NUM&quot;,&quot;loop&quot;:{&quot;type&quot;:&quot;&quot;,&quot;name&quot;:&quot;&quot;,&quot;data&quot;:[],&quot;id&quot;:0}}\" data-permalink=\"\/es\/wp-json\/wp\/v2\/pages\/247062?wpv_view_count=246852\">\n\n<div class=\"js-wpv-loop-wrapper\"><div class=\"tb-grid\"><div class=\"tb-grid-column\">\n\n<div class=\"wp-block-toolset-views-view-template-block wpv-block-loop-item php-to-be-replaced-with-shortcode view-slider\" data-toolset-views-view-template-block=\"be67ddf2c785face994051fb5991dc90\">\n<figure class=\"wp-block-image tb-image tb-image-dynamic tb-image-frame-none\" data-toolset-blocks-image=\"57344c36982f0481ec79efce85b74762\"><img decoding=\"async\" loading=\"lazy\" src=\"https:\/\/www.aforafocus.cat\/wp-content\/uploads\/2022\/06\/Isis-Abellan-Caidos-del-cielo-Espanya-250x250.png\" alt=\"\" class=\"wp-image-246592\"><\/figure>\n\n\n\n<div class=\"tb-field font-epicene\" data-toolset-blocks-field=\"f034720f7f7301fc5b38ff3f82fd9896\" data-last-update=\"1.4\">Isis Abell\u00e1n<\/div>\n\n\n\n<div class=\"tb-field font-helvetica\" data-toolset-blocks-field=\"dd77980644abbfbeb495969e3b87cc89\" data-last-update=\"1.4\">Ca\u00eddos del cielo<\/div>\n\n\n\n<div class=\"tb-field font-helvetica\" data-toolset-blocks-field=\"69dba03aa70543b3f3aba51a2dfc49cc\" data-last-update=\"1.4\">Espa\u00f1a<\/div>\n<\/div>\n\n<\/div><div class=\"tb-grid-column\">\n\n<div class=\"wp-block-toolset-views-view-template-block wpv-block-loop-item php-to-be-replaced-with-shortcode view-slider\" data-toolset-views-view-template-block=\"be67ddf2c785face994051fb5991dc90\">\n<figure class=\"wp-block-image tb-image tb-image-dynamic tb-image-frame-none\" data-toolset-blocks-image=\"57344c36982f0481ec79efce85b74762\"><img decoding=\"async\" loading=\"lazy\" src=\"https:\/\/www.aforafocus.cat\/wp-content\/uploads\/2022\/10\/Ivana-Antic-250x250.png\" alt=\"\" class=\"wp-image-251020\"><\/figure>\n\n\n\n<div class=\"tb-field font-epicene\" data-toolset-blocks-field=\"f034720f7f7301fc5b38ff3f82fd9896\" data-last-update=\"1.4\">Ivana Anti\u0107<\/div>\n\n\n\n<div class=\"tb-field font-helvetica\" data-toolset-blocks-field=\"dd77980644abbfbeb495969e3b87cc89\" data-last-update=\"1.4\">Association Kultura Nova<\/div>\n\n\n\n<div class=\"tb-field font-helvetica\" data-toolset-blocks-field=\"69dba03aa70543b3f3aba51a2dfc49cc\" data-last-update=\"1.4\">Serbia<\/div>\n<\/div>\n\n<\/div><div class=\"tb-grid-column\">\n\n<div class=\"wp-block-toolset-views-view-template-block wpv-block-loop-item php-to-be-replaced-with-shortcode view-slider\" data-toolset-views-view-template-block=\"be67ddf2c785face994051fb5991dc90\">\n<figure class=\"wp-block-image tb-image tb-image-dynamic tb-image-frame-none\" data-toolset-blocks-image=\"57344c36982f0481ec79efce85b74762\"><img decoding=\"async\" loading=\"lazy\" src=\"https:\/\/www.aforafocus.cat\/wp-content\/uploads\/2022\/06\/cinthia-arrebola-250x250.png\" alt=\"\" class=\"wp-image-250755\"><\/figure>\n\n\n\n<div class=\"tb-field font-epicene\" data-toolset-blocks-field=\"f034720f7f7301fc5b38ff3f82fd9896\" data-last-update=\"1.4\">Cinthia Arrebola<\/div>\n\n\n\n<div class=\"tb-field font-helvetica\" data-toolset-blocks-field=\"dd77980644abbfbeb495969e3b87cc89\" data-last-update=\"1.4\">Metodolog\u00eda del Laboratorio de Creaci\u00f3n Esc\u00e9nica Salas de Urgencia<\/div>\n\n\n\n<div class=\"tb-field font-helvetica\" data-toolset-blocks-field=\"69dba03aa70543b3f3aba51a2dfc49cc\" data-last-update=\"1.4\">M\u00e9xico<\/div>\n<\/div>\n\n<\/div><\/div><\/div>\n\n\n<div class=\"wp-block-toolset-blocks-container tb-container\" data-toolset-blocks-container=\"ed3832aa6201cbec5b1e5b902dc067e2\">\n<div data-toolset-views-view-pagination-block=\"d3112aa1c706c8a3f8ba3891e7522804\"><ul class=\"wpv-pagination-nav-links-container js-wpv-pagination-nav-links-container pagination pagination-dots\"><li class=\"wpv-pagination-nav-links-item js-wpv-pagination-nav-links-item page-item wpv-page-link-246852-1 js-wpv-page-link-246852-1 wpv_page_current wpv-pagination-nav-links-item-current active-dot\"><a class=\"wpv-filter-pagination-link js-wpv-pagination-link page-link\" title=\"1\" href=\"\/es\/wp-json\/wp\/v2\/pages\/247062?wpv_view_count=246852\" data-viewnumber=\"246852\" data-page=\"1\">1<\/a><\/li><li class=\"wpv-pagination-nav-links-item js-wpv-pagination-nav-links-item page-item wpv-page-link-246852-2 js-wpv-page-link-246852-2\"><a class=\"wpv-filter-pagination-link js-wpv-pagination-link page-link\" title=\"2\" href=\"\/es\/wp-json\/wp\/v2\/pages\/247062?wpv_view_count=246852&#038;wpv_paged=2\" data-viewnumber=\"246852\" data-page=\"2\">2<\/a><\/li><li class=\"wpv-pagination-nav-links-item js-wpv-pagination-nav-links-item page-item wpv-page-link-246852-3 js-wpv-page-link-246852-3\"><a class=\"wpv-filter-pagination-link js-wpv-pagination-link page-link\" title=\"3\" href=\"\/es\/wp-json\/wp\/v2\/pages\/247062?wpv_view_count=246852&#038;wpv_paged=3\" data-viewnumber=\"246852\" data-page=\"3\">3<\/a><\/li><li class=\"wpv-pagination-nav-links-item js-wpv-pagination-nav-links-item page-item wpv-page-link-246852-4 js-wpv-page-link-246852-4\"><a class=\"wpv-filter-pagination-link js-wpv-pagination-link page-link\" title=\"4\" href=\"\/es\/wp-json\/wp\/v2\/pages\/247062?wpv_view_count=246852&#038;wpv_paged=4\" data-viewnumber=\"246852\" data-page=\"4\">4<\/a><\/li><li class=\"wpv-pagination-nav-links-item js-wpv-pagination-nav-links-item page-item wpv-page-link-246852-5 js-wpv-page-link-246852-5\"><a class=\"wpv-filter-pagination-link js-wpv-pagination-link page-link\" title=\"5\" href=\"\/es\/wp-json\/wp\/v2\/pages\/247062?wpv_view_count=246852&#038;wpv_paged=5\" data-viewnumber=\"246852\" data-page=\"5\">5<\/a><\/li><li class=\"wpv-pagination-nav-links-item js-wpv-pagination-nav-links-item page-item wpv-page-link-246852-6 js-wpv-page-link-246852-6\"><a class=\"wpv-filter-pagination-link js-wpv-pagination-link page-link\" title=\"6\" href=\"\/es\/wp-json\/wp\/v2\/pages\/247062?wpv_view_count=246852&#038;wpv_paged=6\" data-viewnumber=\"246852\" data-page=\"6\">6<\/a><\/li><li class=\"wpv-pagination-nav-links-item js-wpv-pagination-nav-links-item page-item wpv-page-link-246852-7 js-wpv-page-link-246852-7\"><a class=\"wpv-filter-pagination-link js-wpv-pagination-link page-link\" title=\"7\" href=\"\/es\/wp-json\/wp\/v2\/pages\/247062?wpv_view_count=246852&#038;wpv_paged=7\" data-viewnumber=\"246852\" data-page=\"7\">7<\/a><\/li><li class=\"wpv-pagination-nav-links-item js-wpv-pagination-nav-links-item page-item wpv-page-link-246852-8 js-wpv-page-link-246852-8\"><a class=\"wpv-filter-pagination-link js-wpv-pagination-link page-link\" title=\"8\" href=\"\/es\/wp-json\/wp\/v2\/pages\/247062?wpv_view_count=246852&#038;wpv_paged=8\" data-viewnumber=\"246852\" data-page=\"8\">8<\/a><\/li><li class=\"wpv-pagination-nav-links-item js-wpv-pagination-nav-links-item page-item wpv-page-link-246852-9 js-wpv-page-link-246852-9\"><a class=\"wpv-filter-pagination-link js-wpv-pagination-link page-link\" title=\"9\" href=\"\/es\/wp-json\/wp\/v2\/pages\/247062?wpv_view_count=246852&#038;wpv_paged=9\" data-viewnumber=\"246852\" data-page=\"9\">9<\/a><\/li><li class=\"wpv-pagination-nav-links-item js-wpv-pagination-nav-links-item page-item wpv-page-link-246852-10 js-wpv-page-link-246852-10\"><a class=\"wpv-filter-pagination-link js-wpv-pagination-link page-link\" title=\"10\" href=\"\/es\/wp-json\/wp\/v2\/pages\/247062?wpv_view_count=246852&#038;wpv_paged=10\" data-viewnumber=\"246852\" data-page=\"10\">10<\/a><\/li><\/ul><\/div>\n<\/div>\n\n<\/div><\/div><\/div><\/div>","protected":false},"excerpt":{"rendered":"","protected":false},"author":1,"featured_media":0,"parent":0,"menu_order":0,"comment_status":"closed","ping_status":"closed","template":"","meta":{"_et_pb_use_builder":"off","_et_pb_old_content":"","_et_gb_content_width":"","_editorskit_title_hidden":false,"_editorskit_reading_time":0,"_editorskit_is_block_options_detached":false,"_editorskit_block_options_position":"{}","footnotes":""},"class_list":["post-247062","page","type-page","status-publish","hentry"],"yoast_head":"<!-- This site is optimized with the Yoast SEO plugin v27.3 - https:\/\/yoast.com\/product\/yoast-seo-wordpress\/ -->\n<title>Participantes - \u00c0fora Focus<\/title>\n<meta name=\"robots\" content=\"index, follow, max-snippet:-1, max-image-preview:large, max-video-preview:-1\" \/>\n<link rel=\"canonical\" href=\"https:\/\/www.aforafocus.cat\/es\/participantes\/\" \/>\n<meta property=\"og:locale\" content=\"es_ES\" \/>\n<meta property=\"og:type\" content=\"article\" \/>\n<meta property=\"og:title\" content=\"Participantes - \u00c0fora Focus\" \/>\n<meta property=\"og:url\" content=\"https:\/\/www.aforafocus.cat\/es\/participantes\/\" \/>\n<meta property=\"og:site_name\" content=\"\u00c0fora Focus\" \/>\n<meta property=\"article:modified_time\" content=\"2022-06-14T14:47:27+00:00\" \/>\n<meta name=\"twitter:card\" content=\"summary_large_image\" \/>\n<meta name=\"twitter:site\" content=\"@aforafocus\" \/>\n<script type=\"application\/ld+json\" class=\"yoast-schema-graph\">{\"@context\":\"https:\\\/\\\/schema.org\",\"@graph\":[{\"@type\":\"WebPage\",\"@id\":\"https:\\\/\\\/www.aforafocus.cat\\\/es\\\/participantes\\\/\",\"url\":\"https:\\\/\\\/www.aforafocus.cat\\\/es\\\/participantes\\\/\",\"name\":\"Participantes - \u00c0fora Focus\",\"isPartOf\":{\"@id\":\"https:\\\/\\\/www.aforafocus.cat\\\/es\\\/#website\"},\"datePublished\":\"2022-06-11T21:45:27+00:00\",\"dateModified\":\"2022-06-14T14:47:27+00:00\",\"breadcrumb\":{\"@id\":\"https:\\\/\\\/www.aforafocus.cat\\\/es\\\/participantes\\\/#breadcrumb\"},\"inLanguage\":\"es\",\"potentialAction\":[{\"@type\":\"ReadAction\",\"target\":[\"https:\\\/\\\/www.aforafocus.cat\\\/es\\\/participantes\\\/\"]}]},{\"@type\":\"BreadcrumbList\",\"@id\":\"https:\\\/\\\/www.aforafocus.cat\\\/es\\\/participantes\\\/#breadcrumb\",\"itemListElement\":[{\"@type\":\"ListItem\",\"position\":1,\"name\":\"Inici\",\"item\":\"https:\\\/\\\/www.aforafocus.cat\\\/es\\\/\"},{\"@type\":\"ListItem\",\"position\":2,\"name\":\"Participantes\"}]},{\"@type\":\"WebSite\",\"@id\":\"https:\\\/\\\/www.aforafocus.cat\\\/es\\\/#website\",\"url\":\"https:\\\/\\\/www.aforafocus.cat\\\/es\\\/\",\"name\":\"\u00c0fora Focus\",\"description\":\"\u00c0fora \u00e9s l\u2019\u00e0gora del Grup Focus, un \u00e0mbit de reflexi\u00f3 i d\u2019activitats que t\u00e9 l\u2019\u00e0nim d\u2019incidir en la vida art\u00edstica, cultural i social.\",\"publisher\":{\"@id\":\"https:\\\/\\\/www.aforafocus.cat\\\/es\\\/#organization\"},\"potentialAction\":[{\"@type\":\"SearchAction\",\"target\":{\"@type\":\"EntryPoint\",\"urlTemplate\":\"https:\\\/\\\/www.aforafocus.cat\\\/es\\\/?s={search_term_string}\"},\"query-input\":{\"@type\":\"PropertyValueSpecification\",\"valueRequired\":true,\"valueName\":\"search_term_string\"}}],\"inLanguage\":\"es\"},{\"@type\":\"Organization\",\"@id\":\"https:\\\/\\\/www.aforafocus.cat\\\/es\\\/#organization\",\"name\":\"\u00c0fora Focus\",\"url\":\"https:\\\/\\\/www.aforafocus.cat\\\/es\\\/\",\"logo\":{\"@type\":\"ImageObject\",\"inLanguage\":\"es\",\"@id\":\"https:\\\/\\\/www.aforafocus.cat\\\/es\\\/#\\\/schema\\\/logo\\\/image\\\/\",\"url\":\"https:\\\/\\\/www.aforafocus.cat\\\/wp-content\\\/uploads\\\/2021\\\/12\\\/logo-afora-focus.png\",\"contentUrl\":\"https:\\\/\\\/www.aforafocus.cat\\\/wp-content\\\/uploads\\\/2021\\\/12\\\/logo-afora-focus.png\",\"width\":662,\"height\":662,\"caption\":\"\u00c0fora Focus\"},\"image\":{\"@id\":\"https:\\\/\\\/www.aforafocus.cat\\\/es\\\/#\\\/schema\\\/logo\\\/image\\\/\"},\"sameAs\":[\"https:\\\/\\\/x.com\\\/aforafocus\",\"https:\\\/\\\/www.instagram.com\\\/aforafocus\\\/\"]}]}<\/script>\n<!-- \/ Yoast SEO plugin. -->","yoast_head_json":{"title":"Participantes - \u00c0fora Focus","robots":{"index":"index","follow":"follow","max-snippet":"max-snippet:-1","max-image-preview":"max-image-preview:large","max-video-preview":"max-video-preview:-1"},"canonical":"https:\/\/www.aforafocus.cat\/es\/participantes\/","og_locale":"es_ES","og_type":"article","og_title":"Participantes - \u00c0fora Focus","og_url":"https:\/\/www.aforafocus.cat\/es\/participantes\/","og_site_name":"\u00c0fora Focus","article_modified_time":"2022-06-14T14:47:27+00:00","twitter_card":"summary_large_image","twitter_site":"@aforafocus","schema":{"@context":"https:\/\/schema.org","@graph":[{"@type":"WebPage","@id":"https:\/\/www.aforafocus.cat\/es\/participantes\/","url":"https:\/\/www.aforafocus.cat\/es\/participantes\/","name":"Participantes - \u00c0fora Focus","isPartOf":{"@id":"https:\/\/www.aforafocus.cat\/es\/#website"},"datePublished":"2022-06-11T21:45:27+00:00","dateModified":"2022-06-14T14:47:27+00:00","breadcrumb":{"@id":"https:\/\/www.aforafocus.cat\/es\/participantes\/#breadcrumb"},"inLanguage":"es","potentialAction":[{"@type":"ReadAction","target":["https:\/\/www.aforafocus.cat\/es\/participantes\/"]}]},{"@type":"BreadcrumbList","@id":"https:\/\/www.aforafocus.cat\/es\/participantes\/#breadcrumb","itemListElement":[{"@type":"ListItem","position":1,"name":"Inici","item":"https:\/\/www.aforafocus.cat\/es\/"},{"@type":"ListItem","position":2,"name":"Participantes"}]},{"@type":"WebSite","@id":"https:\/\/www.aforafocus.cat\/es\/#website","url":"https:\/\/www.aforafocus.cat\/es\/","name":"\u00c0fora Focus","description":"\u00c0fora \u00e9s l\u2019\u00e0gora del Grup Focus, un \u00e0mbit de reflexi\u00f3 i d\u2019activitats que t\u00e9 l\u2019\u00e0nim d\u2019incidir en la vida art\u00edstica, cultural i social.","publisher":{"@id":"https:\/\/www.aforafocus.cat\/es\/#organization"},"potentialAction":[{"@type":"SearchAction","target":{"@type":"EntryPoint","urlTemplate":"https:\/\/www.aforafocus.cat\/es\/?s={search_term_string}"},"query-input":{"@type":"PropertyValueSpecification","valueRequired":true,"valueName":"search_term_string"}}],"inLanguage":"es"},{"@type":"Organization","@id":"https:\/\/www.aforafocus.cat\/es\/#organization","name":"\u00c0fora Focus","url":"https:\/\/www.aforafocus.cat\/es\/","logo":{"@type":"ImageObject","inLanguage":"es","@id":"https:\/\/www.aforafocus.cat\/es\/#\/schema\/logo\/image\/","url":"https:\/\/www.aforafocus.cat\/wp-content\/uploads\/2021\/12\/logo-afora-focus.png","contentUrl":"https:\/\/www.aforafocus.cat\/wp-content\/uploads\/2021\/12\/logo-afora-focus.png","width":662,"height":662,"caption":"\u00c0fora Focus"},"image":{"@id":"https:\/\/www.aforafocus.cat\/es\/#\/schema\/logo\/image\/"},"sameAs":["https:\/\/x.com\/aforafocus","https:\/\/www.instagram.com\/aforafocus\/"]}]}},"_links":{"self":[{"href":"https:\/\/www.aforafocus.cat\/es\/wp-json\/wp\/v2\/pages\/247062","targetHints":{"allow":["GET"]}}],"collection":[{"href":"https:\/\/www.aforafocus.cat\/es\/wp-json\/wp\/v2\/pages"}],"about":[{"href":"https:\/\/www.aforafocus.cat\/es\/wp-json\/wp\/v2\/types\/page"}],"author":[{"embeddable":true,"href":"https:\/\/www.aforafocus.cat\/es\/wp-json\/wp\/v2\/users\/1"}],"replies":[{"embeddable":true,"href":"https:\/\/www.aforafocus.cat\/es\/wp-json\/wp\/v2\/comments?post=247062"}],"version-history":[{"count":0,"href":"https:\/\/www.aforafocus.cat\/es\/wp-json\/wp\/v2\/pages\/247062\/revisions"}],"wp:attachment":[{"href":"https:\/\/www.aforafocus.cat\/es\/wp-json\/wp\/v2\/media?parent=247062"}],"curies":[{"name":"wp","href":"https:\/\/api.w.org\/{rel}","templated":true}]}}